{"id":174,"date":"2023-02-19T01:50:07","date_gmt":"2023-02-19T00:50:07","guid":{"rendered":"https:\/\/ie.uek.krakow.pl\/ke\/?page_id=174"},"modified":"2023-06-13T00:54:09","modified_gmt":"2023-06-12T22:54:09","slug":"pracownicy-uek","status":"publish","type":"page","link":"https:\/\/ipsf.uek.krakow.pl\/ksp\/pracownicy-uek\/","title":{"rendered":"Pracownicy"},"content":{"rendered":"\t\t<div data-elementor-type=\"wp-page\" data-elementor-id=\"174\" class=\"elementor elementor-174\" data-elementor-post-type=\"page\">\n\t\t\t\t\t\t<section data-particle_enable=\"false\" data-particle-mobile-disabled=\"false\" class=\"elementor-section elementor-top-section elementor-element elementor-element-ab2eb12 elementor-section-boxed elementor-section-height-default elementor-section-height-default\" data-id=\"ab2eb12\" data-element_type=\"section\" data-settings=\"{&quot;jet_parallax_layout_list&quot;:[]}\">\n\t\t\t\t\t\t<div class=\"elementor-container elementor-column-gap-default\">\n\t\t\t\t\t<div class=\"elementor-column elementor-col-100 elementor-top-column elementor-element elementor-element-c2061cf\" data-id=\"c2061cf\" data-element_type=\"column\">\n\t\t\t<div class=\"elementor-widget-wrap elementor-element-populated\">\n\t\t\t\t\t\t<div class=\"elementor-element elementor-element-e5d5a54 elementor-widget elementor-widget-image\" data-id=\"e5d5a54\" data-element_type=\"widget\" data-widget_type=\"image.default\">\n\t\t\t\t<div class=\"elementor-widget-container\">\n\t\t\t\t\t\t\t\t\t\t\t\t\t\t\t<img decoding=\"async\" width=\"300\" height=\"108\" src=\"https:\/\/ipsf.uek.krakow.pl\/ksp\/wp-content\/uploads\/sites\/4\/2023\/06\/SPa-300x108.jpg\" class=\"attachment-medium size-medium wp-image-1921\" alt=\"\" srcset=\"https:\/\/ipsf.uek.krakow.pl\/ksp\/wp-content\/uploads\/sites\/4\/2023\/06\/SPa-300x108.jpg 300w, https:\/\/ipsf.uek.krakow.pl\/ksp\/wp-content\/uploads\/sites\/4\/2023\/06\/SPa-1024x370.jpg 1024w, https:\/\/ipsf.uek.krakow.pl\/ksp\/wp-content\/uploads\/sites\/4\/2023\/06\/SPa-768x278.jpg 768w, https:\/\/ipsf.uek.krakow.pl\/ksp\/wp-content\/uploads\/sites\/4\/2023\/06\/SPa-1140x412.jpg 1140w, https:\/\/ipsf.uek.krakow.pl\/ksp\/wp-content\/uploads\/sites\/4\/2023\/06\/SPa.jpg 1267w\" sizes=\"(max-width: 300px) 100vw, 300px\" \/>\t\t\t\t\t\t\t\t\t\t\t\t\t\t\t<\/div>\n\t\t\t\t<\/div>\n\t\t\t\t\t<\/div>\n\t\t<\/div>\n\t\t\t\t\t<\/div>\n\t\t<\/section>\n\t\t\t\t<section data-particle_enable=\"false\" data-particle-mobile-disabled=\"false\" class=\"elementor-section elementor-top-section elementor-element elementor-element-be20bad elementor-section-boxed elementor-section-height-default elementor-section-height-default\" data-id=\"be20bad\" data-element_type=\"section\" data-settings=\"{&quot;jet_parallax_layout_list&quot;:[]}\">\n\t\t\t\t\t\t<div class=\"elementor-container elementor-column-gap-default\">\n\t\t\t\t\t<div class=\"elementor-column elementor-col-100 elementor-top-column elementor-element elementor-element-c099fef\" data-id=\"c099fef\" data-element_type=\"column\">\n\t\t\t<div class=\"elementor-widget-wrap elementor-element-populated\">\n\t\t\t\t\t\t<section data-particle_enable=\"false\" data-particle-mobile-disabled=\"false\" class=\"elementor-section elementor-inner-section elementor-element elementor-element-4f9f836 elementor-section-boxed elementor-section-height-default elementor-section-height-default\" data-id=\"4f9f836\" data-element_type=\"section\" data-settings=\"{&quot;jet_parallax_layout_list&quot;:[],&quot;background_background&quot;:&quot;classic&quot;,&quot;shape_divider_bottom&quot;:&quot;arrow&quot;,&quot;shape_divider_bottom_negative&quot;:&quot;yes&quot;}\">\n\t\t\t\t\t<div class=\"elementor-shape elementor-shape-bottom\" data-negative=\"true\">\n\t\t\t<svg xmlns=\"http:\/\/www.w3.org\/2000\/svg\" viewBox=\"0 0 700 10\" preserveAspectRatio=\"none\">\n\t<path class=\"elementor-shape-fill\" d=\"M360 0L350 9.9 340 0 0 0 0 10 700 10 700 0\"\/>\n<\/svg>\t\t<\/div>\n\t\t\t\t\t<div class=\"elementor-container elementor-column-gap-default\">\n\t\t\t\t\t<div class=\"elementor-column elementor-col-50 elementor-inner-column elementor-element elementor-element-7a9c1ea\" data-id=\"7a9c1ea\" data-element_type=\"column\">\n\t\t\t<div class=\"elementor-widget-wrap elementor-element-populated\">\n\t\t\t\t\t\t<div class=\"elementor-element elementor-element-6239586 elementor-widget elementor-widget-heading\" data-id=\"6239586\" data-element_type=\"widget\" data-widget_type=\"heading.default\">\n\t\t\t\t<div class=\"elementor-widget-container\">\n\t\t\t\t\t<h4 class=\"elementor-heading-title elementor-size-default\">Kierownik Katedry<\/h4>\t\t\t\t<\/div>\n\t\t\t\t<\/div>\n\t\t\t\t\t<\/div>\n\t\t<\/div>\n\t\t\t\t<div class=\"elementor-column elementor-col-50 elementor-inner-column elementor-element elementor-element-d1d5d6a\" data-id=\"d1d5d6a\" data-element_type=\"column\">\n\t\t\t<div class=\"elementor-widget-wrap elementor-element-populated\">\n\t\t\t\t\t\t<div class=\"elementor-element elementor-element-a114a1c elementor-widget elementor-widget-eael-post-list\" data-id=\"a114a1c\" data-element_type=\"widget\" data-widget_type=\"eael-post-list.default\">\n\t\t\t\t<div class=\"elementor-widget-container\">\n\t\t\t\t\t<div class=\"eael-post-list-container default layout-default\"><div class=\"eael-post-list-wrap\"><div class=\"eael-post-list-posts-wrap eael-post-appender eael-post-appender-a114a1c\"><div class=\"eael-post-list-post \"><div class=\"eael-post-list-thumbnail \"><a href=\"https:\/\/ipsf.uek.krakow.pl\/ksp\/pracownicy\/pracownik-1\/\">\n                            <img decoding=\"async\" src=\"https:\/\/ipsf.uek.krakow.pl\/ksp\/wp-content\/uploads\/sites\/4\/2023\/06\/RJ.jpeg\" alt=\"\">\n                        <\/a><\/div><div class=\"eael-post-list-content\"><h2 class=\"eael-post-list-title\"><a href=\"https:\/\/ipsf.uek.krakow.pl\/ksp\/pracownicy\/pracownik-1\/\" >Dr hab. Robert Jakimowicz, prof. UEK<\/a><\/h2><\/div><\/div><\/div><\/div>\n\t\t<\/div>\t\t\t\t<\/div>\n\t\t\t\t<\/div>\n\t\t\t\t\t<\/div>\n\t\t<\/div>\n\t\t\t\t\t<\/div>\n\t\t<\/section>\n\t\t\t\t<div class=\"elementor-element elementor-element-3b905d0 elementor-widget elementor-widget-eael-post-list\" data-id=\"3b905d0\" data-element_type=\"widget\" data-widget_type=\"eael-post-list.default\">\n\t\t\t\t<div class=\"elementor-widget-container\">\n\t\t\t\t\t<div class=\"eael-post-list-container default layout-default\"><div class=\"eael-post-list-wrap\"><div class=\"eael-post-list-posts-wrap eael-post-appender eael-post-appender-3b905d0\"><div class=\"eael-post-list-post \"><div class=\"eael-post-list-thumbnail \"><a href=\"https:\/\/ipsf.uek.krakow.pl\/ksp\/pracownicy\/dr-agnieszka-latosinska\/\">\n                            <img decoding=\"async\" src=\"https:\/\/ipsf.uek.krakow.pl\/ksp\/wp-content\/uploads\/sites\/4\/2023\/06\/20220330_133607.jpg\" alt=\"\">\n                        <\/a><\/div><div class=\"eael-post-list-content\"><h2 class=\"eael-post-list-title\"><a href=\"https:\/\/ipsf.uek.krakow.pl\/ksp\/pracownicy\/dr-agnieszka-latosinska\/\" >Dr Agnieszka Latosi\u0144ska, prof. UEK<\/a><\/h2><\/div><\/div><div class=\"eael-post-list-post \"><div class=\"eael-post-list-thumbnail \"><a href=\"https:\/\/ipsf.uek.krakow.pl\/ksp\/pracownicy\/dr-dominika-karwoth-zielinska\/\">\n                            <img decoding=\"async\" src=\"https:\/\/ipsf.uek.krakow.pl\/ksp\/wp-content\/uploads\/sites\/4\/2023\/06\/ZIEL.jpeg\" alt=\"\">\n                        <\/a><\/div><div class=\"eael-post-list-content\"><h2 class=\"eael-post-list-title\"><a href=\"https:\/\/ipsf.uek.krakow.pl\/ksp\/pracownicy\/dr-dominika-karwoth-zielinska\/\" >Dr Dominika Karwoth-Zieli\u0144ska, prof. UEK<\/a><\/h2><\/div><\/div><div class=\"eael-post-list-post \"><div class=\"eael-post-list-thumbnail \"><a href=\"https:\/\/ipsf.uek.krakow.pl\/ksp\/pracownicy\/dr-justyna-eska-mikolajewska\/\">\n                            <img decoding=\"async\" src=\"https:\/\/ipsf.uek.krakow.pl\/ksp\/wp-content\/uploads\/sites\/4\/2023\/06\/J.Eska-Mikolajewska-Zdjecie-_1_-167x250-1.jpg\" alt=\"\">\n                        <\/a><\/div><div class=\"eael-post-list-content\"><h2 class=\"eael-post-list-title\"><a href=\"https:\/\/ipsf.uek.krakow.pl\/ksp\/pracownicy\/dr-justyna-eska-mikolajewska\/\" >Dr Justyna Eska-Miko\u0142ajewska<\/a><\/h2><\/div><\/div><div class=\"eael-post-list-post \"><div class=\"eael-post-list-thumbnail \"><a href=\"https:\/\/ipsf.uek.krakow.pl\/ksp\/pracownicy\/dr-rafal-lisiakiewicz\/\">\n                            <img decoding=\"async\" src=\"https:\/\/ipsf.uek.krakow.pl\/ksp\/wp-content\/uploads\/sites\/4\/2023\/06\/Lisiakiewicz-R.jpg\" alt=\"\">\n                        <\/a><\/div><div class=\"eael-post-list-content\"><h2 class=\"eael-post-list-title\"><a href=\"https:\/\/ipsf.uek.krakow.pl\/ksp\/pracownicy\/dr-rafal-lisiakiewicz\/\" >Dr hab. Rafa\u0142 Lisiakiewicz, prof. UEK<\/a><\/h2><\/div><\/div><div class=\"eael-post-list-post \"><div class=\"eael-post-list-thumbnail \"><a href=\"https:\/\/ipsf.uek.krakow.pl\/ksp\/pracownicy\/dr-karolina-kotulewicz-wisinska\/\">\n                            <img decoding=\"async\" src=\"https:\/\/ipsf.uek.krakow.pl\/ksp\/wp-content\/uploads\/sites\/4\/2023\/06\/Kotulewicz-Wisinska-K.jpg\" alt=\"\">\n                        <\/a><\/div><div class=\"eael-post-list-content\"><h2 class=\"eael-post-list-title\"><a href=\"https:\/\/ipsf.uek.krakow.pl\/ksp\/pracownicy\/dr-karolina-kotulewicz-wisinska\/\" >Dr Karolina Kotulewicz-Wisi\u0144ska<\/a><\/h2><\/div><\/div><div class=\"eael-post-list-post \"><div class=\"eael-post-list-thumbnail \"><a href=\"https:\/\/ipsf.uek.krakow.pl\/ksp\/pracownicy\/mgr-piotr-andrzej-glogowski\/\">\n                            <img decoding=\"async\" src=\"https:\/\/ipsf.uek.krakow.pl\/ksp\/wp-content\/uploads\/sites\/4\/2023\/06\/IMG-20230223-WA0000.jpeg\" alt=\"\">\n                        <\/a><\/div><div class=\"eael-post-list-content\"><h2 class=\"eael-post-list-title\"><a href=\"https:\/\/ipsf.uek.krakow.pl\/ksp\/pracownicy\/mgr-piotr-andrzej-glogowski\/\" >Dr Piotr Andrzej G\u0142ogowski<\/a><\/h2><\/div><\/div><div class=\"eael-post-list-post \"><div class=\"eael-post-list-thumbnail \"><a href=\"https:\/\/ipsf.uek.krakow.pl\/ksp\/pracownicy\/pracownik-2\/\">\n                            <img decoding=\"async\" src=\"https:\/\/ipsf.uek.krakow.pl\/ksp\/wp-content\/uploads\/sites\/4\/2023\/02\/Dz.jpeg\" alt=\"\">\n                        <\/a><\/div><div class=\"eael-post-list-content\"><h2 class=\"eael-post-list-title\"><a href=\"https:\/\/ipsf.uek.krakow.pl\/ksp\/pracownicy\/pracownik-2\/\" >Dr hab. Joanna Dzwo\u0144czyk, prof. UEK<\/a><\/h2><\/div><\/div><div class=\"eael-post-list-post \"><div class=\"eael-post-list-thumbnail \"><a href=\"https:\/\/ipsf.uek.krakow.pl\/ksp\/pracownicy\/pracownik-3\/\">\n                            <img decoding=\"async\" src=\"https:\/\/ipsf.uek.krakow.pl\/ksp\/wp-content\/uploads\/sites\/4\/2023\/02\/DD.jpeg\" alt=\"\">\n                        <\/a><\/div><div class=\"eael-post-list-content\"><h2 class=\"eael-post-list-title\"><a href=\"https:\/\/ipsf.uek.krakow.pl\/ksp\/pracownicy\/pracownik-3\/\" >Dr hab. \u0141ukasz Danel, prof. UEK<\/a><\/h2><\/div><\/div><\/div><\/div>\n\t\t<\/div>\t\t\t\t<\/div>\n\t\t\t\t<\/div>\n\t\t\t\t\t<\/div>\n\t\t<\/div>\n\t\t\t\t\t<\/div>\n\t\t<\/section>\n\t\t\t\t<\/div>\n\t\t","protected":false},"excerpt":{"rendered":"<p>\/*! elementor &#8211; v3.13.3 &#8211; 28-05-2023 *\/ .elementor-widget-image{text-align:center}.elementor-widget-image a{display:inline-block}.elementor-widget-image a img[src$=&#8221;.svg&#8221;]{width:48px}.elementor-widget-image img{vertical-align:middle;display:inline-block} \/*! elementor &#8211; v3.13.3 &#8211; 28-05-2023 *\/ .elementor-heading-title{padding:0;margin:0;line-height:1}.elementor-widget-heading .elementor-heading-title[class*=elementor-size-]&gt;a{color:inherit;font-size:inherit;line-height:inherit}.elementor-widget-heading .elementor-heading-title.elementor-size-small{font-size:15px}.elementor-widget-heading .elementor-heading-title.elementor-size-medium{font-size:19px}.elementor-widget-heading .elementor-heading-title.elementor-size-large{font-size:29px}.elementor-widget-heading .elementor-heading-title.elementor-size-xl{font-size:39px}.elementor-widget-heading .elementor-heading-title.elementor-size-xxl{font-size:59px} Kierownik Katedry dr hab. Robert Jakimowicz, prof. UEK Dr Agnieszka Latosi\u0144ska Dr Dominika Karwoth-Zieli\u0144ska Dr Justyna Eska-Miko\u0142ajewska Dr Rafa\u0142 Lisiakiewicz Dr Karolina Kotulewicz-Wisi\u0144ska Mgr Piotr Andrzej G\u0142ogowski dr hab. Joanna Dzwo\u0144czyk, prof. UEK Dr \u0141ukasz Danel<\/p>\n","protected":false},"author":2,"featured_media":0,"parent":0,"menu_order":0,"comment_status":"closed","ping_status":"closed","template":"elementor_header_footer","meta":{"footnotes":""},"class_list":["post-174","page","type-page","status-publish","hentry"],"_links":{"self":[{"href":"https:\/\/ipsf.uek.krakow.pl\/ksp\/wp-json\/wp\/v2\/pages\/174","targetHints":{"allow":["GET"]}}],"collection":[{"href":"https:\/\/ipsf.uek.krakow.pl\/ksp\/wp-json\/wp\/v2\/pages"}],"about":[{"href":"https:\/\/ipsf.uek.krakow.pl\/ksp\/wp-json\/wp\/v2\/types\/page"}],"author":[{"embeddable":true,"href":"https:\/\/ipsf.uek.krakow.pl\/ksp\/wp-json\/wp\/v2\/users\/2"}],"replies":[{"embeddable":true,"href":"https:\/\/ipsf.uek.krakow.pl\/ksp\/wp-json\/wp\/v2\/comments?post=174"}],"version-history":[{"count":15,"href":"https:\/\/ipsf.uek.krakow.pl\/ksp\/wp-json\/wp\/v2\/pages\/174\/revisions"}],"predecessor-version":[{"id":2003,"href":"https:\/\/ipsf.uek.krakow.pl\/ksp\/wp-json\/wp\/v2\/pages\/174\/revisions\/2003"}],"wp:attachment":[{"href":"https:\/\/ipsf.uek.krakow.pl\/ksp\/wp-json\/wp\/v2\/media?parent=174"}],"curies":[{"name":"wp","href":"https:\/\/api.w.org\/{rel}","templated":true}]}}