{"id":100,"date":"2023-02-19T00:28:28","date_gmt":"2023-02-18T23:28:28","guid":{"rendered":"https:\/\/ie.uek.krakow.pl\/ke\/?page_id=100"},"modified":"2023-04-11T17:23:33","modified_gmt":"2023-04-11T15:23:33","slug":"aktualnosci","status":"publish","type":"page","link":"https:\/\/ipsf.uek.krakow.pl\/kf\/aktualnosci\/","title":{"rendered":"Aktualno\u015bci"},"content":{"rendered":"\t\t<div data-elementor-type=\"wp-page\" data-elementor-id=\"100\" class=\"elementor elementor-100\" data-elementor-post-type=\"page\">\n\t\t\t\t\t\t<section data-particle_enable=\"false\" data-particle-mobile-disabled=\"false\" class=\"elementor-section elementor-top-section elementor-element elementor-element-b1422da elementor-section-boxed elementor-section-height-default elementor-section-height-default\" data-id=\"b1422da\" data-element_type=\"section\" data-settings=\"{&quot;jet_parallax_layout_list&quot;:[]}\">\n\t\t\t\t\t\t<div class=\"elementor-container elementor-column-gap-default\">\n\t\t\t\t\t<div class=\"elementor-column elementor-col-100 elementor-top-column elementor-element elementor-element-40ed5763\" data-id=\"40ed5763\" data-element_type=\"column\">\n\t\t\t<div class=\"elementor-widget-wrap elementor-element-populated\">\n\t\t\t\t\t\t<div class=\"elementor-element elementor-element-15bbf765 elementor-grid-tablet_extra-eael-col-4 elementor-grid-eael-col-3 elementor-grid-tablet-eael-col-2 elementor-grid-mobile-eael-col-1 elementor-widget elementor-widget-eael-post-grid\" data-id=\"15bbf765\" data-element_type=\"widget\" data-settings=\"{&quot;eael_post_grid_columns_tablet_extra&quot;:&quot;eael-col-4&quot;,&quot;eael_post_grid_columns&quot;:&quot;eael-col-3&quot;,&quot;eael_post_grid_columns_tablet&quot;:&quot;eael-col-2&quot;,&quot;eael_post_grid_columns_mobile&quot;:&quot;eael-col-1&quot;}\" data-widget_type=\"eael-post-grid.default\">\n\t\t\t\t<div class=\"elementor-widget-container\">\n\t\t\t\t\t<div id=\"eael-post-grid-15bbf765\" class=\"eael-post-grid-container\">\n            <div class=\"eael-post-grid eael-post-appender eael-post-appender-15bbf765 eael-post-grid-style-two\" data-layout-mode=\"grid\"><article class=\"eael-grid-post  eael-post-grid-column eael-pg-post-1857 category-aktualnosci\" data-id=\"1857\">\n    <div class=\"eael-grid-post-holder\">\n        <div class=\"eael-grid-post-holder-inner\"><div class=\"eael-entry-wrapper\"><header class=\"eael-entry-header\"><h2 class=\"eael-entry-title\"><a class=\"eael-grid-post-link\" href=\"https:\/\/ipsf.uek.krakow.pl\/kf\/2025\/05\/23\/etyka-pieniadza-seminarium-filozofia-i-ekonomia\/\" title=\"Seminarium Filozofia i ekonomia: Etyka pieni\u0105dza\">Seminarium Filozofia i ekonomia: Etyka pieni\u0105dza<\/a><\/h2><\/header><div class=\"eael-entry-header-after style-two\"><div class=\"eael-entry-meta\"><span class=\"eael-posted-on eael-meta-posted-on\"><i class=\"far fa-clock\"><\/i><time datetime=\"2025-05-23\">2025-05-23<\/time><\/span><\/div><\/div><div class=\"eael-entry-content\">\n                                <div class=\"eael-grid-post-excerpt\"><p>Dr Piotr Kara\u015b i dr Marcin K\u0119dzierski b\u0119d\u0105 go\u015b\u0107mi tegorocznej...<\/p><a href=\"https:\/\/ipsf.uek.krakow.pl\/kf\/2025\/05\/23\/etyka-pieniadza-seminarium-filozofia-i-ekonomia\/\" class=\"eael-post-elements-readmore-btn\">Czytaj wi\u0119cej  \u2013&gt;<\/a><\/div>\n                            <\/div><\/div><\/div>\n    <\/div>\n<\/article><article class=\"eael-grid-post  eael-post-grid-column eael-pg-post-1865 category-aktualnosci\" data-id=\"1865\">\n    <div class=\"eael-grid-post-holder\">\n        <div class=\"eael-grid-post-holder-inner\"><div class=\"eael-entry-wrapper\"><header class=\"eael-entry-header\"><h2 class=\"eael-entry-title\"><a class=\"eael-grid-post-link\" href=\"https:\/\/ipsf.uek.krakow.pl\/kf\/2025\/04\/14\/bac-sie-czy-nie-bac-ai-i-nowe-technologie-okiem-hr\/\" title=\"Ba\u0107 si\u0119, czy nie ba\u0107?\u00a0&#8211; AI i nowe technologie okiem HR\">Ba\u0107 si\u0119, czy nie ba\u0107?\u00a0&#8211; AI i nowe technologie okiem HR<\/a><\/h2><\/header><div class=\"eael-entry-header-after style-two\"><div class=\"eael-entry-meta\"><span class=\"eael-posted-on eael-meta-posted-on\"><i class=\"far fa-clock\"><\/i><time datetime=\"2025-04-14\">2025-04-14<\/time><\/span><\/div><\/div><div class=\"eael-entry-content\">\n                                <div class=\"eael-grid-post-excerpt\"><p>Serdecznie zapraszamy na\u00a050., jubileuszowe\u00a0spotkanie\u00a0z cyklu\u00a0ZAUFANIE I\u00a0PRZEDSI\u0118BIORCZO\u015a\u0106<\/p><a href=\"https:\/\/ipsf.uek.krakow.pl\/kf\/2025\/04\/14\/bac-sie-czy-nie-bac-ai-i-nowe-technologie-okiem-hr\/\" class=\"eael-post-elements-readmore-btn\">Czytaj wi\u0119cej  \u2013&gt;<\/a><\/div>\n                            <\/div><\/div><\/div>\n    <\/div>\n<\/article><article class=\"eael-grid-post  eael-post-grid-column eael-pg-post-1816 category-aktualnosci\" data-id=\"1816\">\n    <div class=\"eael-grid-post-holder\">\n        <div class=\"eael-grid-post-holder-inner\"><div class=\"eael-entry-wrapper\"><header class=\"eael-entry-header\"><h2 class=\"eael-entry-title\"><a class=\"eael-grid-post-link\" href=\"https:\/\/ipsf.uek.krakow.pl\/kf\/2024\/05\/06\/inkluzywnosc-a-polityczna-poprawnosc-jak-tak-naprawde-zarzadzac-roznorodnoscia\/\" title=\"Inkluzywno\u015b\u0107\u00a0a polityczna poprawno\u015b\u0107. Jak tak naprawd\u0119\u00a0zarz\u0105dza\u0107\u00a0r\u00f3\u017cnorodno\u015bci\u0105?\">Inkluzywno\u015b\u0107\u00a0a polityczna poprawno\u015b\u0107. Jak tak naprawd\u0119\u00a0zarz\u0105dza\u0107\u00a0r\u00f3\u017cnorodno\u015bci\u0105?<\/a><\/h2><\/header><div class=\"eael-entry-header-after style-two\"><div class=\"eael-entry-meta\"><span class=\"eael-posted-on eael-meta-posted-on\"><i class=\"far fa-clock\"><\/i><time datetime=\"2024-05-06\">2024-05-06<\/time><\/span><\/div><\/div><div class=\"eael-entry-content\">\n                                <div class=\"eael-grid-post-excerpt\"><p>W ramach obchod\u00f3w Europejskiego Miesi\u0105ca zapraszamy na dyskusj\u0119 \"Inkluzywno\u015b\u0107\u00a0a polityczna...<\/p><a href=\"https:\/\/ipsf.uek.krakow.pl\/kf\/2024\/05\/06\/inkluzywnosc-a-polityczna-poprawnosc-jak-tak-naprawde-zarzadzac-roznorodnoscia\/\" class=\"eael-post-elements-readmore-btn\">Czytaj wi\u0119cej  \u2013&gt;<\/a><\/div>\n                            <\/div><\/div><\/div>\n    <\/div>\n<\/article><article class=\"eael-grid-post  eael-post-grid-column eael-pg-post-1804 category-aktualnosci\" data-id=\"1804\">\n    <div class=\"eael-grid-post-holder\">\n        <div class=\"eael-grid-post-holder-inner\"><div class=\"eael-entry-wrapper\"><header class=\"eael-entry-header\"><h2 class=\"eael-entry-title\"><a class=\"eael-grid-post-link\" href=\"https:\/\/ipsf.uek.krakow.pl\/kf\/2024\/04\/25\/seminarium-naukowe-filozofia-i-ekonomia\/\" title=\"Seminarium naukowe &#8222;Filozofia i Ekonomia&#8221;\">Seminarium naukowe &#8222;Filozofia i Ekonomia&#8221;<\/a><\/h2><\/header><div class=\"eael-entry-header-after style-two\"><div class=\"eael-entry-meta\"><span class=\"eael-posted-on eael-meta-posted-on\"><i class=\"far fa-clock\"><\/i><time datetime=\"2024-04-25\">2024-04-25<\/time><\/span><\/div><\/div><div class=\"eael-entry-content\">\n                                <div class=\"eael-grid-post-excerpt\"><p>Zapraszamy na kolejne z cyklu seminarium: Czy potrafimy si\u0119 ograniczy\u0107?...<\/p><a href=\"https:\/\/ipsf.uek.krakow.pl\/kf\/2024\/04\/25\/seminarium-naukowe-filozofia-i-ekonomia\/\" class=\"eael-post-elements-readmore-btn\">Czytaj wi\u0119cej  \u2013&gt;<\/a><\/div>\n                            <\/div><\/div><\/div>\n    <\/div>\n<\/article><article class=\"eael-grid-post  eael-post-grid-column eael-pg-post-1757 category-aktualnosci\" data-id=\"1757\">\n    <div class=\"eael-grid-post-holder\">\n        <div class=\"eael-grid-post-holder-inner\"><div class=\"eael-entry-wrapper\"><header class=\"eael-entry-header\"><h2 class=\"eael-entry-title\"><a class=\"eael-grid-post-link\" href=\"https:\/\/ipsf.uek.krakow.pl\/kf\/2023\/11\/08\/zaufanie-i-przedsiebiorczosc\/\" title=\"Zaufanie i przedsi\u0119biorczo\u015b\u0107\">Zaufanie i przedsi\u0119biorczo\u015b\u0107<\/a><\/h2><\/header><div class=\"eael-entry-header-after style-two\"><div class=\"eael-entry-meta\"><span class=\"eael-posted-on eael-meta-posted-on\"><i class=\"far fa-clock\"><\/i><time datetime=\"2023-11-08\">2023-11-08<\/time><\/span><\/div><\/div><div class=\"eael-entry-content\">\n                                <div class=\"eael-grid-post-excerpt\"><p>Spotkanie z cyklu Zaufanie i Przedsi\u0119biorczo\u015b\u0107: Paradoksy lidera po\u015br\u00f3d wsp\u00f3\u0142czesnych...<\/p><a href=\"https:\/\/ipsf.uek.krakow.pl\/kf\/2023\/11\/08\/zaufanie-i-przedsiebiorczosc\/\" class=\"eael-post-elements-readmore-btn\">Czytaj wi\u0119cej  \u2013&gt;<\/a><\/div>\n                            <\/div><\/div><\/div>\n    <\/div>\n<\/article><article class=\"eael-grid-post  eael-post-grid-column eael-pg-post-1744 category-aktualnosci\" data-id=\"1744\">\n    <div class=\"eael-grid-post-holder\">\n        <div class=\"eael-grid-post-holder-inner\"><div class=\"eael-entry-wrapper\"><header class=\"eael-entry-header\"><h2 class=\"eael-entry-title\"><a class=\"eael-grid-post-link\" href=\"https:\/\/ipsf.uek.krakow.pl\/kf\/2023\/11\/01\/albert-camus-society-annual-conference\/\" title=\"Albert Camus Society Annual Conference\">Albert Camus Society Annual Conference<\/a><\/h2><\/header><div class=\"eael-entry-header-after style-two\"><div class=\"eael-entry-meta\"><span class=\"eael-posted-on eael-meta-posted-on\"><i class=\"far fa-clock\"><\/i><time datetime=\"2023-11-01\">2023-11-01<\/time><\/span><\/div><\/div><div class=\"eael-entry-content\">\n                                <div class=\"eael-grid-post-excerpt\"><p>Katedra Filozofii UEK, Polskie Stowarzyszenie Alberta Camusa oraz Albert Camus...<\/p><a href=\"https:\/\/ipsf.uek.krakow.pl\/kf\/2023\/11\/01\/albert-camus-society-annual-conference\/\" class=\"eael-post-elements-readmore-btn\">Czytaj wi\u0119cej  \u2013&gt;<\/a><\/div>\n                            <\/div><\/div><\/div>\n    <\/div>\n<\/article><article class=\"eael-grid-post  eael-post-grid-column eael-pg-post-471 category-aktualnosci\" data-id=\"471\">\n    <div class=\"eael-grid-post-holder\">\n        <div class=\"eael-grid-post-holder-inner\"><div class=\"eael-entry-wrapper\"><header class=\"eael-entry-header\"><h2 class=\"eael-entry-title\"><a class=\"eael-grid-post-link\" href=\"https:\/\/ipsf.uek.krakow.pl\/kf\/2023\/09\/13\/przykladowy-wpis\/\" title=\"Seminarium Kapitalizm \/ psychoanaliza i dekonstrukcja\">Seminarium Kapitalizm \/ psychoanaliza i dekonstrukcja<\/a><\/h2><\/header><div class=\"eael-entry-header-after style-two\"><div class=\"eael-entry-meta\"><span class=\"eael-posted-on eael-meta-posted-on\"><i class=\"far fa-clock\"><\/i><time datetime=\"2023-09-13\">2023-09-13<\/time><\/span><\/div><\/div><div class=\"eael-entry-content\">\n                                <div class=\"eael-grid-post-excerpt\"><p>Katedra Filozofii UEK zaprasza na nowy cykl! Kapitalizm \/ psychoanaliza...<\/p><a href=\"https:\/\/ipsf.uek.krakow.pl\/kf\/2023\/09\/13\/przykladowy-wpis\/\" class=\"eael-post-elements-readmore-btn\">Czytaj wi\u0119cej  \u2013&gt;<\/a><\/div>\n                            <\/div><\/div><\/div>\n    <\/div>\n<\/article><\/div>\n            <div class=\"clearfix\"><\/div>\n        <\/div>\t\t\t\t<\/div>\n\t\t\t\t<\/div>\n\t\t\t\t\t<\/div>\n\t\t<\/div>\n\t\t\t\t\t<\/div>\n\t\t<\/section>\n\t\t\t\t<\/div>\n\t\t","protected":false},"excerpt":{"rendered":"<p>Przyk\u0142adowy wpis 2023-02-13 Lorem ipsum dolor sit amet, consectetur adipiscing elit, sed do&#8230; Czytaj wi\u0119cej \u2013&gt;<\/p>\n","protected":false},"author":1,"featured_media":0,"parent":0,"menu_order":0,"comment_status":"closed","ping_status":"closed","template":"elementor_header_footer","meta":{"footnotes":""},"class_list":["post-100","page","type-page","status-publish","hentry"],"_links":{"self":[{"href":"https:\/\/ipsf.uek.krakow.pl\/kf\/wp-json\/wp\/v2\/pages\/100","targetHints":{"allow":["GET"]}}],"collection":[{"href":"https:\/\/ipsf.uek.krakow.pl\/kf\/wp-json\/wp\/v2\/pages"}],"about":[{"href":"https:\/\/ipsf.uek.krakow.pl\/kf\/wp-json\/wp\/v2\/types\/page"}],"author":[{"embeddable":true,"href":"https:\/\/ipsf.uek.krakow.pl\/kf\/wp-json\/wp\/v2\/users\/1"}],"replies":[{"embeddable":true,"href":"https:\/\/ipsf.uek.krakow.pl\/kf\/wp-json\/wp\/v2\/comments?post=100"}],"version-history":[{"count":3,"href":"https:\/\/ipsf.uek.krakow.pl\/kf\/wp-json\/wp\/v2\/pages\/100\/revisions"}],"predecessor-version":[{"id":1543,"href":"https:\/\/ipsf.uek.krakow.pl\/kf\/wp-json\/wp\/v2\/pages\/100\/revisions\/1543"}],"wp:attachment":[{"href":"https:\/\/ipsf.uek.krakow.pl\/kf\/wp-json\/wp\/v2\/media?parent=100"}],"curies":[{"name":"wp","href":"https:\/\/api.w.org\/{rel}","templated":true}]}}